{"id":2522,"date":"2024-10-16T10:59:45","date_gmt":"2024-10-16T10:59:45","guid":{"rendered":"https:\/\/vitricer.pt\/?page_id=2522"},"modified":"2025-02-18T15:26:00","modified_gmt":"2025-02-18T15:26:00","slug":"pagina-login","status":"publish","type":"page","link":"https:\/\/vitricer.pt\/en\/pagina-login\/","title":{"rendered":"p\u00e1gina login"},"content":{"rendered":"<div data-elementor-type=\"wp-page\" data-elementor-id=\"2522\" class=\"elementor elementor-2522\" data-elementor-post-type=\"page\">\n\t\t\t\t<div class=\"has_eae_slider elementor-element elementor-element-d215f4c e-flex e-con-boxed e-con e-parent\" data-eae-slider=\"11179\" data-id=\"d215f4c\" data-element_type=\"container\" data-e-type=\"container\">\n\t\t\t\t\t<div class=\"e-con-inner\">\n\t\t\t\t\t<\/div>\n\t\t\t\t<\/div>\n\t\t\t\t<\/div>","protected":false},"excerpt":{"rendered":"<p>Painel Pedidos Downloads Moradas Detalhes da Conta Sair Wishlist Painel Pedidos Downloads Moradas Detalhes da Conta Sair Wishlist Ol\u00e1 Dice Webmaster (n\u00e3o \u00e9 Dice Webmaster? Sair) No painel da sua conta pode ver as encomendas mais recentes, gerir as moradas de envio e de factura\u00e7\u00e3o e editar os detalhes e a senha da conta.<\/p>","protected":false},"author":2,"featured_media":0,"parent":0,"menu_order":0,"comment_status":"closed","ping_status":"closed","template":"","meta":{"_acf_changed":false,"footnotes":""},"class_list":["post-2522","page","type-page","status-publish","hentry"],"acf":[],"yoast_head":"<!-- This site is optimized with the Yoast SEO plugin v27.4 - https:\/\/yoast.com\/product\/yoast-seo-wordpress\/ -->\n<title>p\u00e1gina login - Vitricer<\/title>\n<meta name=\"robots\" content=\"noindex, nofollow\" \/>\n<meta property=\"og:locale\" content=\"en_GB\" \/>\n<meta property=\"og:type\" content=\"article\" \/>\n<meta property=\"og:title\" content=\"p\u00e1gina login - Vitricer\" \/>\n<meta property=\"og:description\" content=\"Painel Pedidos Downloads Moradas Detalhes da Conta Sair Wishlist Painel Pedidos Downloads Moradas Detalhes da Conta Sair Wishlist Ol\u00e1 Dice Webmaster (n\u00e3o \u00e9 Dice Webmaster? Sair) No painel da sua conta pode ver as encomendas mais recentes, gerir as moradas de envio e de factura\u00e7\u00e3o e editar os detalhes e a senha da conta.\" \/>\n<meta property=\"og:url\" content=\"https:\/\/vitricer.pt\/en\/pagina-login\/\" \/>\n<meta property=\"og:site_name\" content=\"Vitricer\" \/>\n<meta property=\"article:modified_time\" content=\"2025-02-18T15:26:00+00:00\" \/>\n<meta name=\"twitter:card\" content=\"summary_large_image\" \/>\n<meta name=\"twitter:label1\" content=\"Estimated reading time\" \/>\n\t<meta name=\"twitter:data1\" content=\"1 minute\" \/>\n<script type=\"application\/ld+json\" class=\"yoast-schema-graph\">{\"@context\":\"https:\\\/\\\/schema.org\",\"@graph\":[{\"@type\":\"WebPage\",\"@id\":\"https:\\\/\\\/vitricer.pt\\\/pagina-login\\\/\",\"url\":\"https:\\\/\\\/vitricer.pt\\\/pagina-login\\\/\",\"name\":\"p\u00e1gina login - Vitricer\",\"isPartOf\":{\"@id\":\"https:\\\/\\\/vitricer.pt\\\/#website\"},\"datePublished\":\"2024-10-16T10:59:45+00:00\",\"dateModified\":\"2025-02-18T15:26:00+00:00\",\"breadcrumb\":{\"@id\":\"https:\\\/\\\/vitricer.pt\\\/pagina-login\\\/#breadcrumb\"},\"inLanguage\":\"en-GB\",\"potentialAction\":[{\"@type\":\"ReadAction\",\"target\":[\"https:\\\/\\\/vitricer.pt\\\/pagina-login\\\/\"]}]},{\"@type\":\"BreadcrumbList\",\"@id\":\"https:\\\/\\\/vitricer.pt\\\/pagina-login\\\/#breadcrumb\",\"itemListElement\":[{\"@type\":\"ListItem\",\"position\":1,\"name\":\"In\u00edcio\",\"item\":\"https:\\\/\\\/vitricer.pt\\\/\"},{\"@type\":\"ListItem\",\"position\":2,\"name\":\"p\u00e1gina login\"}]},{\"@type\":\"WebSite\",\"@id\":\"https:\\\/\\\/vitricer.pt\\\/#website\",\"url\":\"https:\\\/\\\/vitricer.pt\\\/\",\"name\":\"Vitricer\",\"description\":\"\",\"publisher\":{\"@id\":\"https:\\\/\\\/vitricer.pt\\\/#organization\"},\"potentialAction\":[{\"@type\":\"SearchAction\",\"target\":{\"@type\":\"EntryPoint\",\"urlTemplate\":\"https:\\\/\\\/vitricer.pt\\\/?s={search_term_string}\"},\"query-input\":{\"@type\":\"PropertyValueSpecification\",\"valueRequired\":true,\"valueName\":\"search_term_string\"}}],\"inLanguage\":\"en-GB\"},{\"@type\":\"Organization\",\"@id\":\"https:\\\/\\\/vitricer.pt\\\/#organization\",\"name\":\"Vitricer\",\"url\":\"https:\\\/\\\/vitricer.pt\\\/\",\"logo\":{\"@type\":\"ImageObject\",\"inLanguage\":\"en-GB\",\"@id\":\"https:\\\/\\\/vitricer.pt\\\/#\\\/schema\\\/logo\\\/image\\\/\",\"url\":\"https:\\\/\\\/vitricer.pt\\\/wp-content\\\/uploads\\\/2024\\\/07\\\/vitricer_logo_header.svg\",\"contentUrl\":\"https:\\\/\\\/vitricer.pt\\\/wp-content\\\/uploads\\\/2024\\\/07\\\/vitricer_logo_header.svg\",\"width\":353,\"height\":128,\"caption\":\"Vitricer\"},\"image\":{\"@id\":\"https:\\\/\\\/vitricer.pt\\\/#\\\/schema\\\/logo\\\/image\\\/\"}}]}<\/script>\n<!-- \/ Yoast SEO plugin. -->","yoast_head_json":{"title":"p\u00e1gina login - Vitricer","robots":{"index":"noindex","follow":"nofollow"},"og_locale":"en_GB","og_type":"article","og_title":"p\u00e1gina login - Vitricer","og_description":"Painel Pedidos Downloads Moradas Detalhes da Conta Sair Wishlist Painel Pedidos Downloads Moradas Detalhes da Conta Sair Wishlist Ol\u00e1 Dice Webmaster (n\u00e3o \u00e9 Dice Webmaster? Sair) No painel da sua conta pode ver as encomendas mais recentes, gerir as moradas de envio e de factura\u00e7\u00e3o e editar os detalhes e a senha da conta.","og_url":"https:\/\/vitricer.pt\/en\/pagina-login\/","og_site_name":"Vitricer","article_modified_time":"2025-02-18T15:26:00+00:00","twitter_card":"summary_large_image","twitter_misc":{"Estimated reading time":"1 minute"},"schema":{"@context":"https:\/\/schema.org","@graph":[{"@type":"WebPage","@id":"https:\/\/vitricer.pt\/pagina-login\/","url":"https:\/\/vitricer.pt\/pagina-login\/","name":"p\u00e1gina login - Vitricer","isPartOf":{"@id":"https:\/\/vitricer.pt\/#website"},"datePublished":"2024-10-16T10:59:45+00:00","dateModified":"2025-02-18T15:26:00+00:00","breadcrumb":{"@id":"https:\/\/vitricer.pt\/pagina-login\/#breadcrumb"},"inLanguage":"en-GB","potentialAction":[{"@type":"ReadAction","target":["https:\/\/vitricer.pt\/pagina-login\/"]}]},{"@type":"BreadcrumbList","@id":"https:\/\/vitricer.pt\/pagina-login\/#breadcrumb","itemListElement":[{"@type":"ListItem","position":1,"name":"In\u00edcio","item":"https:\/\/vitricer.pt\/"},{"@type":"ListItem","position":2,"name":"p\u00e1gina login"}]},{"@type":"WebSite","@id":"https:\/\/vitricer.pt\/#website","url":"https:\/\/vitricer.pt\/","name":"Vitricer","description":"","publisher":{"@id":"https:\/\/vitricer.pt\/#organization"},"potentialAction":[{"@type":"SearchAction","target":{"@type":"EntryPoint","urlTemplate":"https:\/\/vitricer.pt\/?s={search_term_string}"},"query-input":{"@type":"PropertyValueSpecification","valueRequired":true,"valueName":"search_term_string"}}],"inLanguage":"en-GB"},{"@type":"Organization","@id":"https:\/\/vitricer.pt\/#organization","name":"Vitricer","url":"https:\/\/vitricer.pt\/","logo":{"@type":"ImageObject","inLanguage":"en-GB","@id":"https:\/\/vitricer.pt\/#\/schema\/logo\/image\/","url":"https:\/\/vitricer.pt\/wp-content\/uploads\/2024\/07\/vitricer_logo_header.svg","contentUrl":"https:\/\/vitricer.pt\/wp-content\/uploads\/2024\/07\/vitricer_logo_header.svg","width":353,"height":128,"caption":"Vitricer"},"image":{"@id":"https:\/\/vitricer.pt\/#\/schema\/logo\/image\/"}}]}},"_links":{"self":[{"href":"https:\/\/vitricer.pt\/en\/wp-json\/wp\/v2\/pages\/2522","targetHints":{"allow":["GET"]}}],"collection":[{"href":"https:\/\/vitricer.pt\/en\/wp-json\/wp\/v2\/pages"}],"about":[{"href":"https:\/\/vitricer.pt\/en\/wp-json\/wp\/v2\/types\/page"}],"author":[{"embeddable":true,"href":"https:\/\/vitricer.pt\/en\/wp-json\/wp\/v2\/users\/2"}],"replies":[{"embeddable":true,"href":"https:\/\/vitricer.pt\/en\/wp-json\/wp\/v2\/comments?post=2522"}],"version-history":[{"count":4,"href":"https:\/\/vitricer.pt\/en\/wp-json\/wp\/v2\/pages\/2522\/revisions"}],"predecessor-version":[{"id":2529,"href":"https:\/\/vitricer.pt\/en\/wp-json\/wp\/v2\/pages\/2522\/revisions\/2529"}],"wp:attachment":[{"href":"https:\/\/vitricer.pt\/en\/wp-json\/wp\/v2\/media?parent=2522"}],"curies":[{"name":"wp","href":"https:\/\/api.w.org\/{rel}","templated":true}]}}