{"id":7710,"date":"2025-12-17T17:28:44","date_gmt":"2025-12-17T17:28:44","guid":{"rendered":"https:\/\/vitricer.pt\/?page_id=7710"},"modified":"2026-01-21T17:31:29","modified_gmt":"2026-01-21T17:31:29","slug":"carreiras","status":"publish","type":"page","link":"https:\/\/vitricer.pt\/en\/carreiras\/","title":{"rendered":"Carreiras"},"content":{"rendered":"\t\t<div data-elementor-type=\"wp-page\" data-elementor-id=\"7710\" class=\"elementor elementor-7710\" data-elementor-post-type=\"page\">\n\t\t\t\t<div class=\"has_eae_slider elementor-element elementor-element-c925929 e-flex e-con-boxed e-con e-parent\" data-eae-slider=\"3101\" data-id=\"c925929\" data-element_type=\"container\" data-e-type=\"container\" data-settings=\"{&quot;background_background&quot;:&quot;classic&quot;}\">\n\t\t\t\t\t<div class=\"e-con-inner\">\n\t\t\t\t\t<\/div>\n\t\t\t\t<\/div>\n\t\t<div class=\"has_eae_slider elementor-element elementor-element-3267d91 e-flex e-con-boxed e-con e-parent\" data-eae-slider=\"85010\" data-id=\"3267d91\" data-element_type=\"container\" data-e-type=\"container\">\n\t\t\t\t\t<div class=\"e-con-inner\">\n\t\t\t\t<div class=\"elementor-element elementor-element-d054c58 elementor-widget-divider--view-line elementor-widget elementor-widget-divider\" data-id=\"d054c58\" data-element_type=\"widget\" data-e-type=\"widget\" data-widget_type=\"divider.default\">\n\t\t\t\t<div class=\"elementor-widget-container\">\n\t\t\t\t\t\t\t<div class=\"elementor-divider\">\n\t\t\t<span class=\"elementor-divider-separator\">\n\t\t\t\t\t\t<\/span>\n\t\t<\/div>\n\t\t\t\t\t\t<\/div>\n\t\t\t\t<\/div>\n\t\t\t\t\t<\/div>\n\t\t\t\t<\/div>\n\t\t<div class=\"has_eae_slider elementor-element elementor-element-e774671 e-flex e-con-boxed e-con e-parent\" data-eae-slider=\"90254\" data-id=\"e774671\" data-element_type=\"container\" data-e-type=\"container\">\n\t\t\t\t\t<div class=\"e-con-inner\">\n\t\t\t\t<div class=\"elementor-element elementor-element-7a713be elementor-invisible elementor-widget elementor-widget-heading\" data-id=\"7a713be\" data-element_type=\"widget\" data-e-type=\"widget\" data-settings=\"{&quot;_animation&quot;:&quot;fadeInUp&quot;}\" data-widget_type=\"heading.default\">\n\t\t\t\t<div class=\"elementor-widget-container\">\n\t\t\t\t\t<h1 class=\"elementor-heading-title elementor-size-default\">CARREIRAS<\/h1>\t\t\t\t<\/div>\n\t\t\t\t<\/div>\n\t\t\t\t\t<\/div>\n\t\t\t\t<\/div>\n\t\t<div class=\"has_eae_slider elementor-element elementor-element-485e2ae e-flex e-con-boxed e-con e-parent\" data-eae-slider=\"3187\" data-id=\"485e2ae\" data-element_type=\"container\" data-e-type=\"container\">\n\t\t\t\t\t<div class=\"e-con-inner\">\n\t\t\t\t<div class=\"elementor-element elementor-element-bb40caa elementor-widget elementor-widget-heading\" data-id=\"bb40caa\" data-element_type=\"widget\" data-e-type=\"widget\" data-widget_type=\"heading.default\">\n\t\t\t\t<div class=\"elementor-widget-container\">\n\t\t\t\t\t<h2 class=\"elementor-heading-title elementor-size-default\">A sua pr\u00f3xima aventura profissional come\u00e7a aqui<\/h2>\t\t\t\t<\/div>\n\t\t\t\t<\/div>\n\t\t\t\t<div class=\"elementor-element elementor-element-0ee227f elementor-widget elementor-widget-heading\" data-id=\"0ee227f\" data-element_type=\"widget\" data-e-type=\"widget\" data-widget_type=\"heading.default\">\n\t\t\t\t<div class=\"elementor-widget-container\">\n\t\t\t\t\t<h2 class=\"elementor-heading-title elementor-size-default\">Junte-se \u00e0 equipa VITRICER e cres\u00e7a connosco.<\/h2>\t\t\t\t<\/div>\n\t\t\t\t<\/div>\n\t\t\t\t<div class=\"elementor-element elementor-element-634f93a elementor-widget elementor-widget-text-editor\" data-id=\"634f93a\" data-element_type=\"widget\" data-e-type=\"widget\" data-widget_type=\"text-editor.default\">\n\t\t\t\t<div class=\"elementor-widget-container\">\n\t\t\t\t\t\t\t\t\t<p>Na <strong>VITRICER<\/strong>, acreditamos que o sucesso nasce das pessoas. Valorizamos o talento, o compromisso e o esp\u00edrito de equipa, promovendo um ambiente onde cada colaborador pode evoluir e fazer a diferen\u00e7a.<\/p><p>Se quer crescer profissionalmente e fazer parte de um projeto com futuro, junte-se a n\u00f3s e construa connosco o pr\u00f3ximo cap\u00edtulo da sua carreira.<\/p>\t\t\t\t\t\t\t\t<\/div>\n\t\t\t\t<\/div>\n\t\t\t\t\t<\/div>\n\t\t\t\t<\/div>\n\t\t<div class=\"has_eae_slider elementor-element elementor-element-d4c3fd8 e-flex e-con-boxed e-con e-parent\" data-eae-slider=\"16593\" data-id=\"d4c3fd8\" data-element_type=\"container\" data-e-type=\"container\" data-settings=\"{&quot;background_background&quot;:&quot;classic&quot;}\">\n\t\t\t\t\t<div class=\"e-con-inner\">\n\t\t\t\t<div class=\"elementor-element elementor-element-4fcb9f3 elementor-widget elementor-widget-heading\" data-id=\"4fcb9f3\" data-element_type=\"widget\" data-e-type=\"widget\" data-widget_type=\"heading.default\">\n\t\t\t\t<div class=\"elementor-widget-container\">\n\t\t\t\t\t<h2 class=\"elementor-heading-title elementor-size-default\">PRONTO PARA DAR O PR\u00d3XIMO PASSO?<\/h2>\t\t\t\t<\/div>\n\t\t\t\t<\/div>\n\t\t\t\t<div class=\"elementor-element elementor-element-f5fbb8e elementor-widget elementor-widget-text-editor\" data-id=\"f5fbb8e\" data-element_type=\"widget\" data-e-type=\"widget\" data-widget_type=\"text-editor.default\">\n\t\t\t\t<div class=\"elementor-widget-container\">\n\t\t\t\t\t\t\t\t\t<p>Descubra as oportunidades dispon\u00edveis e encontre o desafio certo para si.<\/p>\t\t\t\t\t\t\t\t<\/div>\n\t\t\t\t<\/div>\n\t\t\t\t\t<\/div>\n\t\t\t\t<\/div>\n\t\t<div class=\"has_eae_slider elementor-element elementor-element-19e5a1d e-flex e-con-boxed e-con e-parent\" data-eae-slider=\"50670\" data-id=\"19e5a1d\" data-element_type=\"container\" data-e-type=\"container\" data-settings=\"{&quot;background_background&quot;:&quot;classic&quot;}\">\n\t\t\t\t\t<div class=\"e-con-inner\">\n\t\t<div class=\"has_eae_slider elementor-element elementor-element-2a51eb2 e-con-full e-flex e-con e-child\" data-eae-slider=\"13166\" data-id=\"2a51eb2\" data-element_type=\"container\" data-e-type=\"container\">\n\t\t\t\t<div class=\"elementor-element elementor-element-9c8e075 elementor-widget__width-inherit elementor-grid-3 elementor-grid-tablet-2 elementor-grid-mobile-1 elementor-widget elementor-widget-loop-grid\" data-id=\"9c8e075\" data-element_type=\"widget\" data-e-type=\"widget\" data-settings=\"{&quot;template_id&quot;:&quot;7768&quot;,&quot;columns&quot;:3,&quot;pagination_type&quot;:&quot;load_more_infinite_scroll&quot;,&quot;_skin&quot;:&quot;post&quot;,&quot;columns_tablet&quot;:&quot;2&quot;,&quot;columns_mobile&quot;:&quot;1&quot;,&quot;edit_handle_selector&quot;:&quot;[data-elementor-type=\\&quot;loop-item\\&quot;]&quot;,&quot;load_more_spinner&quot;:{&quot;value&quot;:&quot;fas fa-spinner&quot;,&quot;library&quot;:&quot;fa-solid&quot;},&quot;row_gap&quot;:{&quot;unit&quot;:&quot;px&quot;,&quot;size&quot;:&quot;&quot;,&quot;sizes&quot;:[]},&quot;row_gap_laptop&quot;:{&quot;unit&quot;:&quot;px&quot;,&quot;size&quot;:&quot;&quot;,&quot;sizes&quot;:[]},&quot;row_gap_tablet&quot;:{&quot;unit&quot;:&quot;px&quot;,&quot;size&quot;:&quot;&quot;,&quot;sizes&quot;:[]},&quot;row_gap_mobile&quot;:{&quot;unit&quot;:&quot;px&quot;,&quot;size&quot;:&quot;&quot;,&quot;sizes&quot;:[]}}\" data-widget_type=\"loop-grid.post\">\n\t\t\t\t<div class=\"elementor-widget-container\">\n\t\t\t\t\t\t\t<div class=\"e-loop-nothing-found-message\">\n\t\t\t\t\t<div class=\"e-loop-nothing-found-message__text\">\n\t\t\t\tN\u00e3o existem vagas em aberto dispon\u00edveis neste momento. <br \/>\n<a href=\"https:\/\/vitricer.pt\/candidatura-espontanea\/\">Envie-nos a sua candidatura espont\u00e2nea.<\/a>\t\t\t<\/div>\n\t\t\t<\/div>\n\t\t\t\t\t\t<\/div>\n\t\t\t\t<\/div>\n\t\t\t\t<\/div>\n\t\t\t\t\t<\/div>\n\t\t\t\t<\/div>\n\t\t<div class=\"has_eae_slider elementor-element elementor-element-4c8275d e-flex e-con-boxed e-con e-parent\" data-eae-slider=\"26735\" data-id=\"4c8275d\" data-element_type=\"container\" data-e-type=\"container\">\n\t\t\t\t\t<div class=\"e-con-inner\">\n\t\t\t\t<div class=\"elementor-element elementor-element-085954d elementor-widget-divider--view-line elementor-widget elementor-widget-divider\" data-id=\"085954d\" data-element_type=\"widget\" data-e-type=\"widget\" data-widget_type=\"divider.default\">\n\t\t\t\t<div class=\"elementor-widget-container\">\n\t\t\t\t\t\t\t<div class=\"elementor-divider\">\n\t\t\t<span class=\"elementor-divider-separator\">\n\t\t\t\t\t\t<\/span>\n\t\t<\/div>\n\t\t\t\t\t\t<\/div>\n\t\t\t\t<\/div>\n\t\t\t\t\t<\/div>\n\t\t\t\t<\/div>\n\t\t<div class=\"has_eae_slider elementor-element elementor-element-0a04eca e-flex e-con-boxed e-con e-parent\" data-eae-slider=\"53859\" data-id=\"0a04eca\" data-element_type=\"container\" data-e-type=\"container\">\n\t\t\t\t\t<div class=\"e-con-inner\">\n\t\t\t\t<div class=\"elementor-element elementor-element-1ac33c0 elementor-invisible elementor-widget elementor-widget-heading\" data-id=\"1ac33c0\" data-element_type=\"widget\" data-e-type=\"widget\" data-settings=\"{&quot;_animation&quot;:&quot;fadeInUp&quot;}\" data-widget_type=\"heading.default\">\n\t\t\t\t<div class=\"elementor-widget-container\">\n\t\t\t\t\t<h1 class=\"elementor-heading-title elementor-size-default\">CANDIDATURA ESPONT\u00c2NEA<\/h1>\t\t\t\t<\/div>\n\t\t\t\t<\/div>\n\t\t\t\t\t<\/div>\n\t\t\t\t<\/div>\n\t\t<div class=\"has_eae_slider elementor-element elementor-element-53e7d74 e-flex e-con-boxed e-con e-parent\" data-eae-slider=\"53706\" data-id=\"53e7d74\" data-element_type=\"container\" data-e-type=\"container\" data-settings=\"{&quot;background_background&quot;:&quot;classic&quot;}\">\n\t\t\t\t\t<div class=\"e-con-inner\">\n\t\t\t\t<div class=\"elementor-element elementor-element-cd96000 elementor-widget elementor-widget-text-editor\" data-id=\"cd96000\" data-element_type=\"widget\" data-e-type=\"widget\" data-widget_type=\"text-editor.default\">\n\t\t\t\t<div class=\"elementor-widget-container\">\n\t\t\t\t\t\t\t\t\t<p>N\u00e3o encontrou a oportunidade certa para si?<\/p>\t\t\t\t\t\t\t\t<\/div>\n\t\t\t\t<\/div>\n\t\t\t\t<div class=\"elementor-element elementor-element-748d164 elementor-widget elementor-widget-text-editor\" data-id=\"748d164\" data-element_type=\"widget\" data-e-type=\"widget\" data-widget_type=\"text-editor.default\">\n\t\t\t\t<div class=\"elementor-widget-container\">\n\t\t\t\t\t\t\t\t\t<p>Na <strong>VITRICER<\/strong>, estamos sempre \u00e0 procura de novos talentos que queiram crescer connosco e contribuir para o futuro da empresa.<\/p><p>Se acredita que pode fazer a diferen\u00e7a, partilhe o seu percurso connosco. Queremos conhec\u00ea-lo!<\/p>\t\t\t\t\t\t\t\t<\/div>\n\t\t\t\t<\/div>\n\t\t\t\t<div class=\"elementor-element elementor-element-6d8051a elementor-align-center elementor-widget elementor-widget-button\" data-id=\"6d8051a\" data-element_type=\"widget\" data-e-type=\"widget\" data-widget_type=\"button.default\">\n\t\t\t\t<div class=\"elementor-widget-container\">\n\t\t\t\t\t\t\t\t\t<div class=\"elementor-button-wrapper\">\n\t\t\t\t\t<a class=\"elementor-button elementor-button-link elementor-size-sm\" href=\"https:\/\/vitricer.pt\/candidatura-espontanea\/\">\n\t\t\t\t\t\t<span class=\"elementor-button-content-wrapper\">\n\t\t\t\t\t\t\t\t\t<span class=\"elementor-button-text\">ENVIE-NOS A SUA CANDIDATURA<\/span>\n\t\t\t\t\t<\/span>\n\t\t\t\t\t<\/a>\n\t\t\t\t<\/div>\n\t\t\t\t\t\t\t\t<\/div>\n\t\t\t\t<\/div>\n\t\t\t\t\t<\/div>\n\t\t\t\t<\/div>\n\t\t<div class=\"has_eae_slider elementor-element elementor-element-a11fc05 e-con-full e-flex e-con e-parent\" data-eae-slider=\"62029\" data-id=\"a11fc05\" data-element_type=\"container\" data-e-type=\"container\">\n\t\t\t\t<div class=\"elementor-element elementor-element-4fb224b elementor-widget elementor-widget-image\" data-id=\"4fb224b\" data-element_type=\"widget\" data-e-type=\"widget\" data-widget_type=\"image.default\">\n\t\t\t\t<div class=\"elementor-widget-container\">\n\t\t\t\t\t\t\t\t\t\t\t\t\t\t\t<img fetchpriority=\"high\" decoding=\"async\" width=\"1920\" height=\"400\" src=\"https:\/\/vitricer.pt\/wp-content\/uploads\/2026\/01\/VITR_202512_Img_Inferior_Negocio_v03.jpg\" class=\"attachment-full size-full wp-image-7908\" alt=\"\" srcset=\"https:\/\/vitricer.pt\/wp-content\/uploads\/2026\/01\/VITR_202512_Img_Inferior_Negocio_v03.jpg 1920w, https:\/\/vitricer.pt\/wp-content\/uploads\/2026\/01\/VITR_202512_Img_Inferior_Negocio_v03-300x63.jpg 300w, https:\/\/vitricer.pt\/wp-content\/uploads\/2026\/01\/VITR_202512_Img_Inferior_Negocio_v03-1024x213.jpg 1024w, https:\/\/vitricer.pt\/wp-content\/uploads\/2026\/01\/VITR_202512_Img_Inferior_Negocio_v03-768x160.jpg 768w, https:\/\/vitricer.pt\/wp-content\/uploads\/2026\/01\/VITR_202512_Img_Inferior_Negocio_v03-1536x320.jpg 1536w, https:\/\/vitricer.pt\/wp-content\/uploads\/2026\/01\/VITR_202512_Img_Inferior_Negocio_v03-18x4.jpg 18w\" sizes=\"(max-width: 1920px) 100vw, 1920px\" \/>\t\t\t\t\t\t\t\t\t\t\t\t\t\t\t<\/div>\n\t\t\t\t<\/div>\n\t\t\t\t<\/div>\n\t\t\t\t<\/div>\n\t\t","protected":false},"excerpt":{"rendered":"<p>CARREIRAS A sua pr\u00f3xima aventura profissional come\u00e7a aqui Junte-se \u00e0 equipa VITRICER e cres\u00e7a connosco. Na VITRICER, acreditamos que o sucesso nasce das pessoas. Valorizamos o talento, o compromisso e o esp\u00edrito de equipa, promovendo um ambiente onde cada colaborador pode evoluir e fazer a diferen\u00e7a. Se quer crescer profissionalmente e fazer parte de um [&hellip;]<\/p>\n","protected":false},"author":3,"featured_media":0,"parent":0,"menu_order":0,"comment_status":"closed","ping_status":"closed","template":"","meta":{"_acf_changed":false,"footnotes":""},"class_list":["post-7710","page","type-page","status-publish","hentry"],"acf":[],"yoast_head":"<!-- This site is optimized with the Yoast SEO plugin v27.4 - https:\/\/yoast.com\/product\/yoast-seo-wordpress\/ -->\n<title>Carreiras - Vitricer<\/title>\n<meta name=\"robots\" content=\"index, follow, max-snippet:-1, max-image-preview:large, max-video-preview:-1\" \/>\n<link rel=\"canonical\" href=\"https:\/\/vitricer.pt\/en\/carreiras\/\" \/>\n<meta property=\"og:locale\" content=\"en_GB\" \/>\n<meta property=\"og:type\" content=\"article\" \/>\n<meta property=\"og:title\" content=\"Carreiras - Vitricer\" \/>\n<meta property=\"og:description\" content=\"CARREIRAS A sua pr\u00f3xima aventura profissional come\u00e7a aqui Junte-se \u00e0 equipa VITRICER e cres\u00e7a connosco. Na VITRICER, acreditamos que o sucesso nasce das pessoas. Valorizamos o talento, o compromisso e o esp\u00edrito de equipa, promovendo um ambiente onde cada colaborador pode evoluir e fazer a diferen\u00e7a. Se quer crescer profissionalmente e fazer parte de um [&hellip;]\" \/>\n<meta property=\"og:url\" content=\"https:\/\/vitricer.pt\/en\/carreiras\/\" \/>\n<meta property=\"og:site_name\" content=\"Vitricer\" \/>\n<meta property=\"article:modified_time\" content=\"2026-01-21T17:31:29+00:00\" \/>\n<meta property=\"og:image\" content=\"https:\/\/vitricer.pt\/wp-content\/uploads\/2026\/01\/VITR_202512_Img_Inferior_Negocio_v03.jpg\" \/>\n<meta name=\"twitter:card\" content=\"summary_large_image\" \/>\n<meta name=\"twitter:label1\" content=\"Estimated reading time\" \/>\n\t<meta name=\"twitter:data1\" content=\"1 minute\" \/>\n<script type=\"application\/ld+json\" class=\"yoast-schema-graph\">{\"@context\":\"https:\\\/\\\/schema.org\",\"@graph\":[{\"@type\":\"WebPage\",\"@id\":\"https:\\\/\\\/vitricer.pt\\\/carreiras\\\/\",\"url\":\"https:\\\/\\\/vitricer.pt\\\/carreiras\\\/\",\"name\":\"Carreiras - Vitricer\",\"isPartOf\":{\"@id\":\"https:\\\/\\\/vitricer.pt\\\/#website\"},\"primaryImageOfPage\":{\"@id\":\"https:\\\/\\\/vitricer.pt\\\/carreiras\\\/#primaryimage\"},\"image\":{\"@id\":\"https:\\\/\\\/vitricer.pt\\\/carreiras\\\/#primaryimage\"},\"thumbnailUrl\":\"https:\\\/\\\/vitricer.pt\\\/wp-content\\\/uploads\\\/2026\\\/01\\\/VITR_202512_Img_Inferior_Negocio_v03.jpg\",\"datePublished\":\"2025-12-17T17:28:44+00:00\",\"dateModified\":\"2026-01-21T17:31:29+00:00\",\"breadcrumb\":{\"@id\":\"https:\\\/\\\/vitricer.pt\\\/carreiras\\\/#breadcrumb\"},\"inLanguage\":\"en-GB\",\"potentialAction\":[{\"@type\":\"ReadAction\",\"target\":[\"https:\\\/\\\/vitricer.pt\\\/carreiras\\\/\"]}]},{\"@type\":\"ImageObject\",\"inLanguage\":\"en-GB\",\"@id\":\"https:\\\/\\\/vitricer.pt\\\/carreiras\\\/#primaryimage\",\"url\":\"https:\\\/\\\/vitricer.pt\\\/wp-content\\\/uploads\\\/2026\\\/01\\\/VITR_202512_Img_Inferior_Negocio_v03.jpg\",\"contentUrl\":\"https:\\\/\\\/vitricer.pt\\\/wp-content\\\/uploads\\\/2026\\\/01\\\/VITR_202512_Img_Inferior_Negocio_v03.jpg\"},{\"@type\":\"BreadcrumbList\",\"@id\":\"https:\\\/\\\/vitricer.pt\\\/carreiras\\\/#breadcrumb\",\"itemListElement\":[{\"@type\":\"ListItem\",\"position\":1,\"name\":\"In\u00edcio\",\"item\":\"https:\\\/\\\/vitricer.pt\\\/\"},{\"@type\":\"ListItem\",\"position\":2,\"name\":\"Carreiras\"}]},{\"@type\":\"WebSite\",\"@id\":\"https:\\\/\\\/vitricer.pt\\\/#website\",\"url\":\"https:\\\/\\\/vitricer.pt\\\/\",\"name\":\"Vitricer\",\"description\":\"\",\"publisher\":{\"@id\":\"https:\\\/\\\/vitricer.pt\\\/#organization\"},\"potentialAction\":[{\"@type\":\"SearchAction\",\"target\":{\"@type\":\"EntryPoint\",\"urlTemplate\":\"https:\\\/\\\/vitricer.pt\\\/?s={search_term_string}\"},\"query-input\":{\"@type\":\"PropertyValueSpecification\",\"valueRequired\":true,\"valueName\":\"search_term_string\"}}],\"inLanguage\":\"en-GB\"},{\"@type\":\"Organization\",\"@id\":\"https:\\\/\\\/vitricer.pt\\\/#organization\",\"name\":\"Vitricer\",\"url\":\"https:\\\/\\\/vitricer.pt\\\/\",\"logo\":{\"@type\":\"ImageObject\",\"inLanguage\":\"en-GB\",\"@id\":\"https:\\\/\\\/vitricer.pt\\\/#\\\/schema\\\/logo\\\/image\\\/\",\"url\":\"https:\\\/\\\/vitricer.pt\\\/wp-content\\\/uploads\\\/2024\\\/07\\\/vitricer_logo_header.svg\",\"contentUrl\":\"https:\\\/\\\/vitricer.pt\\\/wp-content\\\/uploads\\\/2024\\\/07\\\/vitricer_logo_header.svg\",\"width\":353,\"height\":128,\"caption\":\"Vitricer\"},\"image\":{\"@id\":\"https:\\\/\\\/vitricer.pt\\\/#\\\/schema\\\/logo\\\/image\\\/\"}}]}<\/script>\n<!-- \/ Yoast SEO plugin. -->","yoast_head_json":{"title":"Carreiras - Vitricer","robots":{"index":"index","follow":"follow","max-snippet":"max-snippet:-1","max-image-preview":"max-image-preview:large","max-video-preview":"max-video-preview:-1"},"canonical":"https:\/\/vitricer.pt\/en\/carreiras\/","og_locale":"en_GB","og_type":"article","og_title":"Carreiras - Vitricer","og_description":"CARREIRAS A sua pr\u00f3xima aventura profissional come\u00e7a aqui Junte-se \u00e0 equipa VITRICER e cres\u00e7a connosco. Na VITRICER, acreditamos que o sucesso nasce das pessoas. Valorizamos o talento, o compromisso e o esp\u00edrito de equipa, promovendo um ambiente onde cada colaborador pode evoluir e fazer a diferen\u00e7a. Se quer crescer profissionalmente e fazer parte de um [&hellip;]","og_url":"https:\/\/vitricer.pt\/en\/carreiras\/","og_site_name":"Vitricer","article_modified_time":"2026-01-21T17:31:29+00:00","og_image":[{"url":"https:\/\/vitricer.pt\/wp-content\/uploads\/2026\/01\/VITR_202512_Img_Inferior_Negocio_v03.jpg","type":"","width":"","height":""}],"twitter_card":"summary_large_image","twitter_misc":{"Estimated reading time":"1 minute"},"schema":{"@context":"https:\/\/schema.org","@graph":[{"@type":"WebPage","@id":"https:\/\/vitricer.pt\/carreiras\/","url":"https:\/\/vitricer.pt\/carreiras\/","name":"Carreiras - Vitricer","isPartOf":{"@id":"https:\/\/vitricer.pt\/#website"},"primaryImageOfPage":{"@id":"https:\/\/vitricer.pt\/carreiras\/#primaryimage"},"image":{"@id":"https:\/\/vitricer.pt\/carreiras\/#primaryimage"},"thumbnailUrl":"https:\/\/vitricer.pt\/wp-content\/uploads\/2026\/01\/VITR_202512_Img_Inferior_Negocio_v03.jpg","datePublished":"2025-12-17T17:28:44+00:00","dateModified":"2026-01-21T17:31:29+00:00","breadcrumb":{"@id":"https:\/\/vitricer.pt\/carreiras\/#breadcrumb"},"inLanguage":"en-GB","potentialAction":[{"@type":"ReadAction","target":["https:\/\/vitricer.pt\/carreiras\/"]}]},{"@type":"ImageObject","inLanguage":"en-GB","@id":"https:\/\/vitricer.pt\/carreiras\/#primaryimage","url":"https:\/\/vitricer.pt\/wp-content\/uploads\/2026\/01\/VITR_202512_Img_Inferior_Negocio_v03.jpg","contentUrl":"https:\/\/vitricer.pt\/wp-content\/uploads\/2026\/01\/VITR_202512_Img_Inferior_Negocio_v03.jpg"},{"@type":"BreadcrumbList","@id":"https:\/\/vitricer.pt\/carreiras\/#breadcrumb","itemListElement":[{"@type":"ListItem","position":1,"name":"In\u00edcio","item":"https:\/\/vitricer.pt\/"},{"@type":"ListItem","position":2,"name":"Carreiras"}]},{"@type":"WebSite","@id":"https:\/\/vitricer.pt\/#website","url":"https:\/\/vitricer.pt\/","name":"Vitricer","description":"","publisher":{"@id":"https:\/\/vitricer.pt\/#organization"},"potentialAction":[{"@type":"SearchAction","target":{"@type":"EntryPoint","urlTemplate":"https:\/\/vitricer.pt\/?s={search_term_string}"},"query-input":{"@type":"PropertyValueSpecification","valueRequired":true,"valueName":"search_term_string"}}],"inLanguage":"en-GB"},{"@type":"Organization","@id":"https:\/\/vitricer.pt\/#organization","name":"Vitricer","url":"https:\/\/vitricer.pt\/","logo":{"@type":"ImageObject","inLanguage":"en-GB","@id":"https:\/\/vitricer.pt\/#\/schema\/logo\/image\/","url":"https:\/\/vitricer.pt\/wp-content\/uploads\/2024\/07\/vitricer_logo_header.svg","contentUrl":"https:\/\/vitricer.pt\/wp-content\/uploads\/2024\/07\/vitricer_logo_header.svg","width":353,"height":128,"caption":"Vitricer"},"image":{"@id":"https:\/\/vitricer.pt\/#\/schema\/logo\/image\/"}}]}},"_links":{"self":[{"href":"https:\/\/vitricer.pt\/en\/wp-json\/wp\/v2\/pages\/7710","targetHints":{"allow":["GET"]}}],"collection":[{"href":"https:\/\/vitricer.pt\/en\/wp-json\/wp\/v2\/pages"}],"about":[{"href":"https:\/\/vitricer.pt\/en\/wp-json\/wp\/v2\/types\/page"}],"author":[{"embeddable":true,"href":"https:\/\/vitricer.pt\/en\/wp-json\/wp\/v2\/users\/3"}],"replies":[{"embeddable":true,"href":"https:\/\/vitricer.pt\/en\/wp-json\/wp\/v2\/comments?post=7710"}],"version-history":[{"count":56,"href":"https:\/\/vitricer.pt\/en\/wp-json\/wp\/v2\/pages\/7710\/revisions"}],"predecessor-version":[{"id":7946,"href":"https:\/\/vitricer.pt\/en\/wp-json\/wp\/v2\/pages\/7710\/revisions\/7946"}],"wp:attachment":[{"href":"https:\/\/vitricer.pt\/en\/wp-json\/wp\/v2\/media?parent=7710"}],"curies":[{"name":"wp","href":"https:\/\/api.w.org\/{rel}","templated":true}]}}